{"id":19,"date":"2025-05-25T12:00:00","date_gmt":"2025-05-25T10:00:00","guid":{"rendered":"https:\/\/neu.mdtronix.de\/?page_id=10"},"modified":"2025-05-25T12:00:00","modified_gmt":"2025-05-25T10:00:00","slug":"startseite","status":"publish","type":"page","link":"https:\/\/neu.mdtronix.de\/?page_id=19","title":{"rendered":"Startseite"},"content":{"rendered":"<p><strong>Willkommen bei MD-TRONIX<\/strong><br \/>Ihr Spezialist f\u00fcr Steuerger\u00e4te-Reparaturen.<\/p><p>[vehicle_parts_finder]<\/p><h2 class=\"wp-block-heading\">So funktioniert\u2019s<\/h2><ol class=\"wp-block-list\">\n  <li>Reparatur online ausw\u00e4hlen<\/li>\n  <li>Versandlabel erhalten<\/li>\n  <li>Ger\u00e4t einsenden<\/li>\n  <li>R\u00fcckversand nach Reparatur<\/li>\n<\/ol><h2 class=\"wp-block-heading\">Kontakt<\/h2><p>\ud83d\udcde 01234 5678910<br \/>\u2709\ufe0f info@mdtronix.de<\/p>","protected":false},"excerpt":{"rendered":"<p>Willkommen bei MD-TRONIXIhr Spezialist f\u00fcr Steuerger\u00e4te-Reparaturen. So funktioniert\u2019s Reparatur online ausw\u00e4hlen Versandlabel erhalten Ger\u00e4t einsenden R\u00fcckversand nach Reparatur Kontakt \ud83d\udcde [&hellip;]<\/p>\n","protected":false},"author":2,"featured_media":0,"parent":0,"menu_order":0,"comment_status":"closed","ping_status":"closed","template":"","meta":{"site-sidebar-layout":"default","site-content-layout":"","ast-site-content-layout":"","site-content-style":"default","site-sidebar-style":"default","ast-global-header-display":"","ast-banner-title-visibility":"","ast-main-header-display":"","ast-hfb-above-header-display":"","ast-hfb-below-header-display":"","ast-hfb-mobile-header-display":"","site-post-title":"","ast-breadcrumbs-content":"","ast-featured-img":"","footer-sml-layout":"","theme-transparent-header-meta":"","adv-header-id-meta":"","stick-header-meta":"","header-above-stick-meta":"","header-main-stick-meta":"","header-below-stick-meta":"","astra-migrate-meta-layouts":"default","ast-page-background-enabled":"default","ast-page-background-meta":{"desktop":{"background-color":"var(--ast-global-color-5)","background-image":"","background-repeat":"repeat","background-position":"center center","background-size":"auto","background-attachment":"scroll","background-type":"","background-media":"","overlay-type":"","overlay-color":"","overlay-opacity":"","overlay-gradient":""},"tablet":{"background-color":"","background-image":"","background-repeat":"repeat","background-position":"center center","background-size":"auto","background-attachment":"scroll","background-type":"","background-media":"","overlay-type":"","overlay-color":"","overlay-opacity":"","overlay-gradient":""},"mobile":{"background-color":"","background-image":"","background-repeat":"repeat","background-position":"center center","background-size":"auto","background-attachment":"scroll","background-type":"","background-media":"","overlay-type":"","overlay-color":"","overlay-opacity":"","overlay-gradient":""}},"ast-content-background-meta":{"desktop":{"background-color":"var(--ast-global-color-4)","background-image":"","background-repeat":"repeat","background-position":"center center","background-size":"auto","background-attachment":"scroll","background-type":"","background-media":"","overlay-type":"","overlay-color":"","overlay-opacity":"","overlay-gradient":""},"tablet":{"background-color":"var(--ast-global-color-4)","background-image":"","background-repeat":"repeat","background-position":"center center","background-size":"auto","background-attachment":"scroll","background-type":"","background-media":"","overlay-type":"","overlay-color":"","overlay-opacity":"","overlay-gradient":""},"mobile":{"background-color":"var(--ast-global-color-4)","background-image":"","background-repeat":"repeat","background-position":"center center","background-size":"auto","background-attachment":"scroll","background-type":"","background-media":"","overlay-type":"","overlay-color":"","overlay-opacity":"","overlay-gradient":""}},"footnotes":""},"class_list":["post-19","page","type-page","status-publish","hentry"],"_links":{"self":[{"href":"https:\/\/neu.mdtronix.de\/index.php?rest_route=\/wp\/v2\/pages\/19","targetHints":{"allow":["GET"]}}],"collection":[{"href":"https:\/\/neu.mdtronix.de\/index.php?rest_route=\/wp\/v2\/pages"}],"about":[{"href":"https:\/\/neu.mdtronix.de\/index.php?rest_route=\/wp\/v2\/types\/page"}],"author":[{"embeddable":true,"href":"https:\/\/neu.mdtronix.de\/index.php?rest_route=\/wp\/v2\/users\/2"}],"replies":[{"embeddable":true,"href":"https:\/\/neu.mdtronix.de\/index.php?rest_route=%2Fwp%2Fv2%2Fcomments&post=19"}],"version-history":[{"count":1,"href":"https:\/\/neu.mdtronix.de\/index.php?rest_route=\/wp\/v2\/pages\/19\/revisions"}],"predecessor-version":[{"id":22,"href":"https:\/\/neu.mdtronix.de\/index.php?rest_route=\/wp\/v2\/pages\/19\/revisions\/22"}],"wp:attachment":[{"href":"https:\/\/neu.mdtronix.de\/index.php?rest_route=%2Fwp%2Fv2%2Fmedia&parent=19"}],"curies":[{"name":"wp","href":"https:\/\/api.w.org\/{rel}","templated":true}]}}